{"id":22,"date":"2014-11-26T20:05:49","date_gmt":"2014-11-26T20:05:49","guid":{"rendered":"http:\/\/www.municipalidadloreto.gov.py\/?page_id=22"},"modified":"2016-04-04T14:47:50","modified_gmt":"2016-04-04T14:47:50","slug":"vision","status":"publish","type":"page","link":"https:\/\/www.municipalidadloreto.gov.py\/?page_id=22","title":{"rendered":"Visi\u00f3n"},"content":{"rendered":"<p>Un distrito de Loreto con organizaciones sociales y comunitarias fortalecidos, con habitantes\u00a0 RURALES Y URBANOS capacitados, competentes y preparados para enfrentar los avances t\u00e9cnologicos y desaf\u00edos del futuro. Dotados\u00a0 con las infraestructuras b\u00e1sicas para un desarrollo integral, sostenido y limpio, con caminos vecinales de todo tiempo, para que los productores agr\u00edcolas tengan salida r\u00e1pida a su producci\u00f3n a los mercados regionales, nacionales, internacionales. Con una ciudad limpia y segura.<\/p>\n","protected":false},"excerpt":{"rendered":"<p>Un distrito de Loreto con organizaciones sociales y comunitarias fortalecidos, con habitantes\u00a0 RURALES Y URBANOS capacitados, competentes y preparados para enfrentar los avances t\u00e9cnologicos y desaf\u00edos del futuro. Dotados\u00a0 con las infraestructuras b\u00e1sicas para un desarrollo integral, sostenido y limpio,<\/p>\n","protected":false},"author":4,"featured_media":145,"parent":0,"menu_order":0,"comment_status":"closed","ping_status":"closed","template":"","meta":[],"_links":{"self":[{"href":"https:\/\/www.municipalidadloreto.gov.py\/index.php?rest_route=\/wp\/v2\/pages\/22"}],"collection":[{"href":"https:\/\/www.municipalidadloreto.gov.py\/index.php?rest_route=\/wp\/v2\/pages"}],"about":[{"href":"https:\/\/www.municipalidadloreto.gov.py\/index.php?rest_route=\/wp\/v2\/types\/page"}],"author":[{"embeddable":true,"href":"https:\/\/www.municipalidadloreto.gov.py\/index.php?rest_route=\/wp\/v2\/users\/4"}],"replies":[{"embeddable":true,"href":"https:\/\/www.municipalidadloreto.gov.py\/index.php?rest_route=%2Fwp%2Fv2%2Fcomments&post=22"}],"version-history":[{"count":3,"href":"https:\/\/www.municipalidadloreto.gov.py\/index.php?rest_route=\/wp\/v2\/pages\/22\/revisions"}],"predecessor-version":[{"id":144,"href":"https:\/\/www.municipalidadloreto.gov.py\/index.php?rest_route=\/wp\/v2\/pages\/22\/revisions\/144"}],"wp:featuredmedia":[{"embeddable":true,"href":"https:\/\/www.municipalidadloreto.gov.py\/index.php?rest_route=\/wp\/v2\/media\/145"}],"wp:attachment":[{"href":"https:\/\/www.municipalidadloreto.gov.py\/index.php?rest_route=%2Fwp%2Fv2%2Fmedia&parent=22"}],"curies":[{"name":"wp","href":"https:\/\/api.w.org\/{rel}","templated":true}]}}